{"id":491,"date":"2019-12-11T14:35:07","date_gmt":"2019-12-11T12:35:07","guid":{"rendered":"https:\/\/multimill.ee\/komponenttien-ja-osien-mekaaninen-leikkaus\/"},"modified":"2026-03-10T20:03:21","modified_gmt":"2026-03-10T18:03:21","slug":"kontakt-2-2","status":"publish","type":"page","link":"https:\/\/multimill.ee\/fi\/","title":{"rendered":"Multimill"},"content":{"rendered":"\t\t<div data-elementor-type=\"wp-page\" data-elementor-id=\"491\" class=\"elementor elementor-491 elementor-222\">\n\t\t\t\t\t\t<section class=\"elementor-section elementor-top-section elementor-element elementor-element-ced07ce elementor-section-stretched elementor-section-height-min-height elementor-section-boxed elementor-section-height-default elementor-section-items-middle elementor-invisible\" data-id=\"ced07ce\" data-element_type=\"section\" data-e-type=\"section\" data-settings=\"{&quot;stretch_section&quot;:&quot;section-stretched&quot;,&quot;background_background&quot;:&quot;classic&quot;,&quot;shape_divider_bottom&quot;:&quot;opacity-tilt&quot;,&quot;animation&quot;:&quot;fadeIn&quot;}\">\n\t\t\t\t\t<div class=\"elementor-shape elementor-shape-bottom\" aria-hidden=\"true\" data-negative=\"false\">\n\t\t\t<svg xmlns=\"http:\/\/www.w3.org\/2000\/svg\" viewBox=\"0 0 2600 131.1\" preserveAspectRatio=\"none\">\n\t<path class=\"elementor-shape-fill\" d=\"M0 0L2600 0 2600 69.1 0 0z\"\/>\n\t<path class=\"elementor-shape-fill\" style=\"opacity:0.5\" d=\"M0 0L2600 0 2600 69.1 0 69.1z\"\/>\n\t<path class=\"elementor-shape-fill\" style=\"opacity:0.25\" d=\"M2600 0L0 0 0 130.1 2600 69.1z\"\/>\n<\/svg>\t\t<\/div>\n\t\t\t\t\t<div class=\"elementor-container elementor-column-gap-no\">\n\t\t\t\t\t<div class=\"elementor-column elementor-col-100 elementor-top-column elementor-element elementor-element-5b0b284 elementor-invisible\" data-id=\"5b0b284\" data-element_type=\"column\" data-e-type=\"column\" data-settings=\"{&quot;background_background&quot;:&quot;classic&quot;,&quot;animation&quot;:&quot;fadeInUp&quot;}\">\n\t\t\t<div class=\"elementor-widget-wrap elementor-element-populated\">\n\t\t\t\t\t\t<div class=\"elementor-element elementor-element-e704ba9 elementor-widget elementor-widget-heading\" data-id=\"e704ba9\" data-element_type=\"widget\" data-e-type=\"widget\" data-widget_type=\"heading.default\">\n\t\t\t\t\t<h1 class=\"elementor-heading-title elementor-size-default\">K\u00f5rgtehnoloogiline CNC-l\u00f5iket\u00f6\u00f6tlus ja t\u00e4ppismehaanika Eestis<br><br><p data-start=\"311\" data-end=\"594\"><\/h1>\t\t\t\t<\/div>\n\t\t\t\t<div class=\"elementor-element elementor-element-296d950 elementor-align-center elementor-widget elementor-widget-button\" data-id=\"296d950\" data-element_type=\"widget\" data-e-type=\"widget\" data-widget_type=\"button.default\">\n\t\t\t\t\t\t\t\t\t\t<a class=\"elementor-button elementor-button-link elementor-size-sm\" href=\"https:\/\/multimill.ee\/kontakt\/\">\n\t\t\t\t\t\t<span class=\"elementor-button-content-wrapper\">\n\t\t\t\t\t\t\t\t\t<span class=\"elementor-button-text\">K\u00fcsi pakkumist &raquo;<\/span>\n\t\t\t\t\t<\/span>\n\t\t\t\t\t<\/a>\n\t\t\t\t\t\t\t\t<\/div>\n\t\t\t\t\t<\/div>\n\t\t<\/div>\n\t\t\t\t\t<\/div>\n\t\t<\/section>\n\t\t\t\t<section class=\"elementor-section elementor-top-section elementor-element elementor-element-fe40870 elementor-section-boxed elementor-section-height-default elementor-section-height-default\" data-id=\"fe40870\" data-element_type=\"section\" data-e-type=\"section\">\n\t\t\t\t\t\t<div class=\"elementor-container elementor-column-gap-default\">\n\t\t\t\t\t<div class=\"elementor-column elementor-col-100 elementor-top-column elementor-element elementor-element-cd18e76\" data-id=\"cd18e76\" data-element_type=\"column\" data-e-type=\"column\">\n\t\t\t<div class=\"elementor-widget-wrap elementor-element-populated\">\n\t\t\t\t\t\t<div class=\"elementor-element elementor-element-889c81c elementor-widget-divider--view-line_text elementor-widget-divider--element-align-center elementor-widget elementor-widget-divider\" data-id=\"889c81c\" data-element_type=\"widget\" data-e-type=\"widget\" data-widget_type=\"divider.default\">\n\t\t\t\t\t\t\t<div class=\"elementor-divider\">\n\t\t\t<span class=\"elementor-divider-separator\">\n\t\t\t\t\t\t\t<span class=\"elementor-divider__text elementor-divider__element\">\n\t\t\t\tMeie masinapark\t\t\t\t<\/span>\n\t\t\t\t\t\t<\/span>\n\t\t<\/div>\n\t\t\t\t\t\t<\/div>\n\t\t\t\t\t<\/div>\n\t\t<\/div>\n\t\t\t\t\t<\/div>\n\t\t<\/section>\n\t\t\t\t<section class=\"elementor-section elementor-top-section elementor-element elementor-element-822655b elementor-section-boxed elementor-section-height-default elementor-section-height-default\" data-id=\"822655b\" data-element_type=\"section\" data-e-type=\"section\">\n\t\t\t\t\t\t<div class=\"elementor-container elementor-column-gap-no\">\n\t\t\t\t\t<div class=\"elementor-column elementor-col-25 elementor-top-column elementor-element elementor-element-eeb3850\" data-id=\"eeb3850\" data-element_type=\"column\" data-e-type=\"column\">\n\t\t\t<div class=\"elementor-widget-wrap elementor-element-populated\">\n\t\t\t\t\t\t<div class=\"elementor-element elementor-element-121cecf elementor-position-top elementor-widget elementor-widget-image-box\" data-id=\"121cecf\" data-element_type=\"widget\" data-e-type=\"widget\" data-widget_type=\"image-box.default\">\n\t\t\t\t\t<div class=\"elementor-image-box-wrapper\"><figure class=\"elementor-image-box-img\"><a href=\"https:\/\/multimill.ee\/sisetreipingid\/\" tabindex=\"-1\"><img fetchpriority=\"high\" decoding=\"async\" width=\"300\" height=\"225\" src=\"https:\/\/multimill.ee\/wp-content\/uploads\/2025\/09\/pilt-eest-300x225.jpg\" class=\"elementor-animation-grow attachment-medium size-medium wp-image-1620\" alt=\"\" title=\"\" srcset=\"https:\/\/multimill.ee\/wp-content\/uploads\/2025\/09\/pilt-eest-300x225.jpg 300w, https:\/\/multimill.ee\/wp-content\/uploads\/2025\/09\/pilt-eest-1024x768.jpg 1024w, https:\/\/multimill.ee\/wp-content\/uploads\/2025\/09\/pilt-eest-768x576.jpg 768w, https:\/\/multimill.ee\/wp-content\/uploads\/2025\/09\/pilt-eest-1536x1152.jpg 1536w, https:\/\/multimill.ee\/wp-content\/uploads\/2025\/09\/pilt-eest.jpg 1600w\" sizes=\"(max-width: 300px) 100vw, 300px\" \/><\/a><\/figure><div class=\"elementor-image-box-content\"><h3 class=\"elementor-image-box-title\"><a href=\"https:\/\/multimill.ee\/sisetreipingid\/\">cnc-Sisetreimine<\/a><\/h3><\/div><\/div>\t\t\t\t<\/div>\n\t\t\t\t\t<\/div>\n\t\t<\/div>\n\t\t\t\t<div class=\"elementor-column elementor-col-25 elementor-top-column elementor-element elementor-element-4b44116\" data-id=\"4b44116\" data-element_type=\"column\" data-e-type=\"column\">\n\t\t\t<div class=\"elementor-widget-wrap elementor-element-populated\">\n\t\t\t\t\t\t<div class=\"elementor-element elementor-element-293854e elementor-position-top elementor-widget elementor-widget-image-box\" data-id=\"293854e\" data-element_type=\"widget\" data-e-type=\"widget\" data-widget_type=\"image-box.default\">\n\t\t\t\t\t<div class=\"elementor-image-box-wrapper\"><figure class=\"elementor-image-box-img\"><a href=\"https:\/\/multimill.ee\/freespingid\/\" tabindex=\"-1\"><img decoding=\"async\" width=\"768\" height=\"576\" src=\"https:\/\/multimill.ee\/wp-content\/uploads\/2025\/03\/img-6604-768x576.jpg\" class=\"elementor-animation-grow attachment-medium_large size-medium_large wp-image-1034\" alt=\"\" title=\"\" srcset=\"https:\/\/multimill.ee\/wp-content\/uploads\/2025\/03\/img-6604-768x576.jpg 768w, https:\/\/multimill.ee\/wp-content\/uploads\/2025\/03\/img-6604-300x225.jpg 300w, https:\/\/multimill.ee\/wp-content\/uploads\/2025\/03\/img-6604-1024x768.jpg 1024w, https:\/\/multimill.ee\/wp-content\/uploads\/2025\/03\/img-6604-1536x1152.jpg 1536w, https:\/\/multimill.ee\/wp-content\/uploads\/2025\/03\/img-6604-2048x1536.jpg 2048w\" sizes=\"(max-width: 768px) 100vw, 768px\" \/><\/a><\/figure><div class=\"elementor-image-box-content\"><h3 class=\"elementor-image-box-title\"><a href=\"https:\/\/multimill.ee\/freespingid\/\">cnc-freesimine<\/a><\/h3><\/div><\/div>\t\t\t\t<\/div>\n\t\t\t\t\t<\/div>\n\t\t<\/div>\n\t\t\t\t<div class=\"elementor-column elementor-col-25 elementor-top-column elementor-element elementor-element-0afb0e8\" data-id=\"0afb0e8\" data-element_type=\"column\" data-e-type=\"column\">\n\t\t\t<div class=\"elementor-widget-wrap elementor-element-populated\">\n\t\t\t\t\t\t<div class=\"elementor-element elementor-element-8db987d elementor-position-top elementor-widget elementor-widget-image-box\" data-id=\"8db987d\" data-element_type=\"widget\" data-e-type=\"widget\" data-widget_type=\"image-box.default\">\n\t\t\t\t\t<div class=\"elementor-image-box-wrapper\"><figure class=\"elementor-image-box-img\"><a href=\"https:\/\/multimill.ee\/karussell-treipingid\/\" tabindex=\"-1\"><img decoding=\"async\" width=\"768\" height=\"576\" src=\"https:\/\/multimill.ee\/wp-content\/uploads\/2025\/03\/img-6539-1-768x576.jpg\" class=\"elementor-animation-grow attachment-medium_large size-medium_large wp-image-914\" alt=\"\" title=\"\" srcset=\"https:\/\/multimill.ee\/wp-content\/uploads\/2025\/03\/img-6539-1-768x576.jpg 768w, https:\/\/multimill.ee\/wp-content\/uploads\/2025\/03\/img-6539-1-300x225.jpg 300w, https:\/\/multimill.ee\/wp-content\/uploads\/2025\/03\/img-6539-1-1024x768.jpg 1024w, https:\/\/multimill.ee\/wp-content\/uploads\/2025\/03\/img-6539-1-1536x1152.jpg 1536w, https:\/\/multimill.ee\/wp-content\/uploads\/2025\/03\/img-6539-1-2048x1536.jpg 2048w\" sizes=\"(max-width: 768px) 100vw, 768px\" \/><\/a><\/figure><div class=\"elementor-image-box-content\"><h3 class=\"elementor-image-box-title\"><a href=\"https:\/\/multimill.ee\/karussell-treipingid\/\">cnc-Karussell treimine<\/a><\/h3><\/div><\/div>\t\t\t\t<\/div>\n\t\t\t\t\t<\/div>\n\t\t<\/div>\n\t\t\t\t<div class=\"elementor-column elementor-col-25 elementor-top-column elementor-element elementor-element-f11f7d0\" data-id=\"f11f7d0\" data-element_type=\"column\" data-e-type=\"column\">\n\t\t\t<div class=\"elementor-widget-wrap elementor-element-populated\">\n\t\t\t\t\t\t<div class=\"elementor-element elementor-element-8f9b95e elementor-position-top elementor-widget elementor-widget-image-box\" data-id=\"8f9b95e\" data-element_type=\"widget\" data-e-type=\"widget\" data-widget_type=\"image-box.default\">\n\t\t\t\t\t<div class=\"elementor-image-box-wrapper\"><figure class=\"elementor-image-box-img\"><a href=\"https:\/\/multimill.ee\/treipingid\/\" tabindex=\"-1\"><img loading=\"lazy\" decoding=\"async\" width=\"768\" height=\"576\" src=\"https:\/\/multimill.ee\/wp-content\/uploads\/2025\/03\/img-6609-768x576.jpg\" class=\"elementor-animation-grow attachment-medium_large size-medium_large wp-image-970\" alt=\"\" title=\"\" srcset=\"https:\/\/multimill.ee\/wp-content\/uploads\/2025\/03\/img-6609-768x576.jpg 768w, https:\/\/multimill.ee\/wp-content\/uploads\/2025\/03\/img-6609-300x225.jpg 300w, https:\/\/multimill.ee\/wp-content\/uploads\/2025\/03\/img-6609-1024x768.jpg 1024w, https:\/\/multimill.ee\/wp-content\/uploads\/2025\/03\/img-6609-1536x1152.jpg 1536w, https:\/\/multimill.ee\/wp-content\/uploads\/2025\/03\/img-6609-2048x1536.jpg 2048w\" sizes=\"(max-width: 768px) 100vw, 768px\" \/><\/a><\/figure><div class=\"elementor-image-box-content\"><h3 class=\"elementor-image-box-title\"><a href=\"https:\/\/multimill.ee\/treipingid\/\">cnc-Treimine<\/a><\/h3><\/div><\/div>\t\t\t\t<\/div>\n\t\t\t\t\t<\/div>\n\t\t<\/div>\n\t\t\t\t\t<\/div>\n\t\t<\/section>\n\t\t\t\t<section class=\"elementor-section elementor-top-section elementor-element elementor-element-7b65947 elementor-section-boxed elementor-section-height-default elementor-section-height-default\" data-id=\"7b65947\" data-element_type=\"section\" data-e-type=\"section\">\n\t\t\t\t\t\t<div class=\"elementor-container elementor-column-gap-default\">\n\t\t\t\t\t<div class=\"elementor-column elementor-col-100 elementor-top-column elementor-element elementor-element-d66918c\" data-id=\"d66918c\" data-element_type=\"column\" data-e-type=\"column\">\n\t\t\t<div class=\"elementor-widget-wrap elementor-element-populated\">\n\t\t\t\t\t\t<div class=\"elementor-element elementor-element-89e69a4 elementor-widget-divider--view-line_text elementor-widget-divider--element-align-center elementor-widget elementor-widget-divider\" data-id=\"89e69a4\" data-element_type=\"widget\" data-e-type=\"widget\" data-widget_type=\"divider.default\">\n\t\t\t\t\t\t\t<div class=\"elementor-divider\">\n\t\t\t<span class=\"elementor-divider-separator\">\n\t\t\t\t\t\t\t<span class=\"elementor-divider__text elementor-divider__element\">\n\t\t\t\tEttev\u00f5ttest\t\t\t\t<\/span>\n\t\t\t\t\t\t<\/span>\n\t\t<\/div>\n\t\t\t\t\t\t<\/div>\n\t\t\t\t<div class=\"elementor-element elementor-element-67db7e4 elementor-widget elementor-widget-text-editor\" data-id=\"67db7e4\" data-element_type=\"widget\" data-e-type=\"widget\" data-widget_type=\"text-editor.default\">\n\t\t\t\t\t\t\t\t\t<p>MultiMill O\u00dc on 2015 aastal asutatud Eesti kapitalil p\u00f5hinev innovatiivne masinaehitusettev\u00f5te , mille p\u00f5hitegevuseks on erinevatest materjalidest valmistatud koostude ja detailide mehaaniline l\u00f5iket\u00f6\u00f6tlemine. T\u00f6\u00f6deldavatest materjalidest omame laialdasi kogemusi nii musta terase kui ka roostevabade detailide t\u00f6\u00f6tlemisel.<\/p><p>Meie kogenud meeskond koosneb oma ala professionaalidest. Meie heas korras ja alati hooldatud masinapark on t\u00e4naseks varustatud parimate v\u00f5imalike t\u00f6\u00f6riistadega, mis v\u00f5imaldavad meil olla produktiivsemad ja\u00a0 tagada t\u00f6\u00f6tlemise k\u00f5rge kvaliteet. K\u00f5ikides meie tegevustest on p\u00f5hifookus kvaliteedil ning headel kliendisuhetel. Meie eesm\u00e4rgiks on olla pidevalt arenev ja usaldusv\u00e4\u00e4rne koost\u00f6\u00f6partner oma klientidele, kes v\u00e4\u00e4rtustavad pikaajalist koost\u00f6\u00f6d ning kellel on vajadus keskmisest parema teenuse j\u00e4rele.<\/p>\t\t\t\t\t\t\t\t<\/div>\n\t\t\t\t<div class=\"elementor-element elementor-element-d80d570 elementor-align-center elementor-widget elementor-widget-button\" data-id=\"d80d570\" data-element_type=\"widget\" data-e-type=\"widget\" data-widget_type=\"button.default\">\n\t\t\t\t\t\t\t\t\t\t<a class=\"elementor-button elementor-button-link elementor-size-sm\" href=\"https:\/\/multimill.ee\/kontakt\/\">\n\t\t\t\t\t\t<span class=\"elementor-button-content-wrapper\">\n\t\t\t\t\t\t\t\t\t<span class=\"elementor-button-text\">K\u00fcsi pakkumist &raquo;<\/span>\n\t\t\t\t\t<\/span>\n\t\t\t\t\t<\/a>\n\t\t\t\t\t\t\t\t<\/div>\n\t\t\t\t\t<\/div>\n\t\t<\/div>\n\t\t\t\t\t<\/div>\n\t\t<\/section>\n\t\t\t\t<\/div>\n\t\t","protected":false},"excerpt":{"rendered":"<p>K\u00f5rgtehnoloogiline CNC-l\u00f5iket\u00f6\u00f6tlus ja t\u00e4ppismehaanika Eestis K\u00fcsi pakkumist &raquo; Meie masinapark cnc-Sisetreimine cnc-freesimine cnc-Karussell treimine cnc-Treimine Ettev\u00f5ttest MultiMill O\u00dc on 2015 aastal asutatud Eesti kapitalil p\u00f5hinev innovatiivne masinaehitusettev\u00f5te , mille p\u00f5hitegevuseks on erinevatest materjalidest valmistatud koostude ja detailide mehaaniline l\u00f5iket\u00f6\u00f6tlemine. T\u00f6\u00f6deldavatest materjalidest omame laialdasi kogemusi nii musta terase kui ka roostevabade detailide t\u00f6\u00f6tlemisel. Meie kogenud meeskond [&hellip;]<\/p>\n","protected":false},"author":1,"featured_media":1903,"parent":0,"menu_order":0,"comment_status":"closed","ping_status":"closed","template":"","meta":{"site-sidebar-layout":"no-sidebar","site-content-layout":"page-builder","ast-site-content-layout":"full-width-container","site-content-style":"unboxed","site-sidebar-style":"unboxed","ast-global-header-display":"","ast-banner-title-visibility":"","ast-main-header-display":"","ast-hfb-above-header-display":"","ast-hfb-below-header-display":"","ast-hfb-mobile-header-display":"","site-post-title":"disabled","ast-breadcrumbs-content":"","ast-featured-img":"disabled","footer-sml-layout":"","ast-disable-related-posts":"","theme-transparent-header-meta":"default","adv-header-id-meta":"","stick-header-meta":"default","header-above-stick-meta":"","header-main-stick-meta":"","header-below-stick-meta":"","astra-migrate-meta-layouts":"set","ast-page-background-enabled":"default","ast-page-background-meta":{"desktop":{"background-color":"","background-image":"","background-repeat":"repeat","background-position":"center center","background-size":"auto","background-attachment":"scroll","background-type":"","background-media":"","overlay-type":"","overlay-color":"","overlay-opacity":"","overlay-gradient":""},"tablet":{"background-color":"","background-image":"","background-repeat":"repeat","background-position":"center center","background-size":"auto","background-attachment":"scroll","background-type":"","background-media":"","overlay-type":"","overlay-color":"","overlay-opacity":"","overlay-gradient":""},"mobile":{"background-color":"","background-image":"","background-repeat":"repeat","background-position":"center center","background-size":"auto","background-attachment":"scroll","background-type":"","background-media":"","overlay-type":"","overlay-color":"","overlay-opacity":"","overlay-gradient":""}},"ast-content-background-meta":{"desktop":{"background-color":"var(--ast-global-color-5)","background-image":"","background-repeat":"repeat","background-position":"center center","background-size":"auto","background-attachment":"scroll","background-type":"","background-media":"","overlay-type":"","overlay-color":"","overlay-opacity":"","overlay-gradient":""},"tablet":{"background-color":"var(--ast-global-color-5)","background-image":"","background-repeat":"repeat","background-position":"center center","background-size":"auto","background-attachment":"scroll","background-type":"","background-media":"","overlay-type":"","overlay-color":"","overlay-opacity":"","overlay-gradient":""},"mobile":{"background-color":"var(--ast-global-color-5)","background-image":"","background-repeat":"repeat","background-position":"center center","background-size":"auto","background-attachment":"scroll","background-type":"","background-media":"","overlay-type":"","overlay-color":"","overlay-opacity":"","overlay-gradient":""}},"footnotes":""},"class_list":["post-491","page","type-page","status-publish","has-post-thumbnail","hentry"],"_links":{"self":[{"href":"https:\/\/multimill.ee\/fi\/wp-json\/wp\/v2\/pages\/491","targetHints":{"allow":["GET"]}}],"collection":[{"href":"https:\/\/multimill.ee\/fi\/wp-json\/wp\/v2\/pages"}],"about":[{"href":"https:\/\/multimill.ee\/fi\/wp-json\/wp\/v2\/types\/page"}],"author":[{"embeddable":true,"href":"https:\/\/multimill.ee\/fi\/wp-json\/wp\/v2\/users\/1"}],"replies":[{"embeddable":true,"href":"https:\/\/multimill.ee\/fi\/wp-json\/wp\/v2\/comments?post=491"}],"version-history":[{"count":5,"href":"https:\/\/multimill.ee\/fi\/wp-json\/wp\/v2\/pages\/491\/revisions"}],"predecessor-version":[{"id":2259,"href":"https:\/\/multimill.ee\/fi\/wp-json\/wp\/v2\/pages\/491\/revisions\/2259"}],"wp:featuredmedia":[{"embeddable":true,"href":"https:\/\/multimill.ee\/fi\/wp-json\/wp\/v2\/media\/1903"}],"wp:attachment":[{"href":"https:\/\/multimill.ee\/fi\/wp-json\/wp\/v2\/media?parent=491"}],"curies":[{"name":"wp","href":"https:\/\/api.w.org\/{rel}","templated":true}]}}