{"id":344,"date":"2019-12-10T11:44:40","date_gmt":"2019-12-10T09:44:40","guid":{"rendered":"https:\/\/multimill.ee\/?page_id=344"},"modified":"2026-03-10T20:32:25","modified_gmt":"2026-03-10T18:32:25","slug":"karussell-treipingid","status":"publish","type":"page","link":"https:\/\/multimill.ee\/ru\/karussell-treipingid\/","title":{"rendered":"CNC Karussell treimine"},"content":{"rendered":"\t\t<div data-elementor-type=\"wp-page\" data-elementor-id=\"344\" class=\"elementor elementor-344 elementor-60\">\n\t\t\t\t\t\t<section class=\"elementor-section elementor-top-section elementor-element elementor-element-79fbbf42 elementor-section-boxed elementor-section-height-default elementor-section-height-default\" data-id=\"79fbbf42\" data-element_type=\"section\" data-e-type=\"section\" data-settings=\"{&quot;background_background&quot;:&quot;video&quot;,&quot;background_video_link&quot;:&quot;https:\\\/\\\/youtu.be\\\/4qNuOcDWniI&quot;,&quot;background_play_on_mobile&quot;:&quot;yes&quot;,&quot;background_video_end&quot;:70}\">\n\t\t\t\t\t\t\t\t<div class=\"elementor-background-video-container\">\n\t\t\t\t\t\t\t\t\t\t\t\t\t<div class=\"elementor-background-video-embed\" role=\"presentation\"><\/div>\n\t\t\t\t\t\t\t\t\t\t\t\t<\/div>\n\t\t\t\t\t\t\t\t<div class=\"elementor-container elementor-column-gap-default\">\n\t\t\t\t\t<div class=\"elementor-column elementor-col-100 elementor-top-column elementor-element elementor-element-46c26fa3\" data-id=\"46c26fa3\" data-element_type=\"column\" data-e-type=\"column\">\n\t\t\t<div class=\"elementor-widget-wrap elementor-element-populated\">\n\t\t\t\t\t\t<div class=\"elementor-element elementor-element-58cca56e elementor-invisible elementor-widget elementor-widget-text-editor\" data-id=\"58cca56e\" data-element_type=\"widget\" data-e-type=\"widget\" data-settings=\"{&quot;_animation&quot;:&quot;fadeIn&quot;,&quot;_animation_delay&quot;:10}\" data-widget_type=\"text-editor.default\">\n\t\t\t\t\t\t\t\t\t<h2><strong><span style=\"color: #ffffff;\">Fremtas 20FFR3<\/span><\/strong><\/h2><ul><li>T\u00f6\u00f6laua diameeter=1600mm; Max detaili k\u00f5rgus=1200mm<\/li><li>Max detaili diameeter=2000mm<\/li><\/ul><style type=\"text\/css\">\n#foogallery-gallery-184 .fg-image { width: 400px; }\n#foogallery-gallery-184 { --fg-gutter: 10px; }<\/style>\n\t\t\t<div class=\"foogallery foogallery-container foogallery-default foogallery-lightbox-foobox fg-left fg-default fg-ready fg-light fg-loading-default fg-loaded-fade-in fg-hover-fade fg-hover-zoom\" id=\"foogallery-gallery-184\" data-foogallery=\"{&quot;item&quot;:{&quot;showCaptionTitle&quot;:true,&quot;showCaptionDescription&quot;:true},&quot;lazy&quot;:true}\" style=\"--fg-title-line-clamp: 0; --fg-description-line-clamp: 0;\" >\n\t<div class=\"fg-item fg-type-image fg-idle\"><figure class=\"fg-item-inner\"><a href=\"https:\/\/multimill.ee\/wp-content\/uploads\/2025\/03\/fremtas-uldvaade-scaled-e1742545074915.jpg\" data-attachment-id=\"1341\" data-e-disable-page-transition=\"true\" data-type=\"image\" class=\"fg-thumb\"><span class=\"fg-image-wrap\"><img fetchpriority=\"high\" decoding=\"async\" width=\"400\" height=\"270\" class=\"skip-lazy fg-image\" data-src-fg=\"https:\/\/multimill.ee\/wp-content\/uploads\/cache\/2025\/03\/fremtas-uldvaade-scaled-e1742545074915\/1810543032.jpg\" data-srcset-fg=\"https:\/\/multimill.ee\/wp-content\/uploads\/cache\/2025\/03\/fremtas-uldvaade-scaled-e1742545074915\/1293270134.jpg 2x,https:\/\/multimill.ee\/wp-content\/uploads\/cache\/2025\/03\/fremtas-uldvaade-scaled-e1742545074915\/616601548.jpg 3x\" src=\"data:image\/svg+xml,%3Csvg%20xmlns%3D%22http%3A%2F%2Fwww.w3.org%2F2000%2Fsvg%22%20width%3D%22400%22%20height%3D%22270%22%20viewBox%3D%220%200%20400%20270%22%3E%3C%2Fsvg%3E\" loading=\"eager\" alt=\"\" title=\"\"><\/span><span class=\"fg-image-overlay\"><\/span><\/a><\/figure><div class=\"fg-loader\"><\/div><\/div><div class=\"fg-item fg-type-image fg-idle\"><figure class=\"fg-item-inner\"><a href=\"https:\/\/multimill.ee\/wp-content\/uploads\/2025\/03\/fremtas-detailiga-scaled-e1742545100536.jpg\" data-attachment-id=\"1374\" data-e-disable-page-transition=\"true\" data-type=\"image\" class=\"fg-thumb\"><span class=\"fg-image-wrap\"><img decoding=\"async\" width=\"400\" height=\"270\" class=\"skip-lazy fg-image\" data-src-fg=\"https:\/\/multimill.ee\/wp-content\/uploads\/cache\/2025\/03\/fremtas-detailiga-scaled-e1742545100536\/1096328243.jpg\" data-srcset-fg=\"https:\/\/multimill.ee\/wp-content\/uploads\/cache\/2025\/03\/fremtas-detailiga-scaled-e1742545100536\/1034073225.jpg 2x,https:\/\/multimill.ee\/wp-content\/uploads\/cache\/2025\/03\/fremtas-detailiga-scaled-e1742545100536\/377436976.jpg 3x\" src=\"data:image\/svg+xml,%3Csvg%20xmlns%3D%22http%3A%2F%2Fwww.w3.org%2F2000%2Fsvg%22%20width%3D%22400%22%20height%3D%22270%22%20viewBox%3D%220%200%20400%20270%22%3E%3C%2Fsvg%3E\" loading=\"eager\" alt=\"\" title=\"\"><\/span><span class=\"fg-image-overlay\"><\/span><\/a><\/figure><div class=\"fg-loader\"><\/div><\/div><div class=\"fg-item fg-type-image fg-idle\"><figure class=\"fg-item-inner\"><a href=\"https:\/\/multimill.ee\/wp-content\/uploads\/2025\/03\/img-6540-1-scaled-e1742290400366.webp\" data-attachment-id=\"926\" data-e-disable-page-transition=\"true\" data-type=\"image\" class=\"fg-thumb\"><span class=\"fg-image-wrap\"><img decoding=\"async\" width=\"400\" height=\"270\" class=\"skip-lazy fg-image\" data-src-fg=\"https:\/\/multimill.ee\/wp-content\/uploads\/cache\/2025\/03\/img-6540-1-scaled-e1742290400366\/1283089427.webp\" data-srcset-fg=\"https:\/\/multimill.ee\/wp-content\/uploads\/cache\/2025\/03\/img-6540-1-scaled-e1742290400366\/2476650496.webp 2x,https:\/\/multimill.ee\/wp-content\/uploads\/cache\/2025\/03\/img-6540-1-scaled-e1742290400366\/4084003792.webp 3x\" src=\"data:image\/svg+xml,%3Csvg%20xmlns%3D%22http%3A%2F%2Fwww.w3.org%2F2000%2Fsvg%22%20width%3D%22400%22%20height%3D%22270%22%20viewBox%3D%220%200%20400%20270%22%3E%3C%2Fsvg%3E\" loading=\"eager\" alt=\"\" title=\"\"><\/span><span class=\"fg-image-overlay\"><\/span><\/a><\/figure><div class=\"fg-loader\"><\/div><\/div><div class=\"fg-item fg-type-image fg-idle\"><figure class=\"fg-item-inner\"><a href=\"https:\/\/multimill.ee\/wp-content\/uploads\/2025\/03\/img-6539-1-scaled-e1742290420557.webp\" data-attachment-id=\"918\" data-e-disable-page-transition=\"true\" data-type=\"image\" class=\"fg-thumb\"><span class=\"fg-image-wrap\"><img decoding=\"async\" width=\"400\" height=\"270\" class=\"skip-lazy fg-image\" data-src-fg=\"https:\/\/multimill.ee\/wp-content\/uploads\/cache\/2025\/03\/img-6539-1-scaled-e1742290420557\/1389512015.webp\" data-srcset-fg=\"https:\/\/multimill.ee\/wp-content\/uploads\/cache\/2025\/03\/img-6539-1-scaled-e1742290420557\/2369163612.webp 2x,https:\/\/multimill.ee\/wp-content\/uploads\/cache\/2025\/03\/img-6539-1-scaled-e1742290420557\/3989099148.webp 3x\" src=\"data:image\/svg+xml,%3Csvg%20xmlns%3D%22http%3A%2F%2Fwww.w3.org%2F2000%2Fsvg%22%20width%3D%22400%22%20height%3D%22270%22%20viewBox%3D%220%200%20400%20270%22%3E%3C%2Fsvg%3E\" loading=\"eager\" alt=\"\" title=\"\"><\/span><span class=\"fg-image-overlay\"><\/span><\/a><\/figure><div class=\"fg-loader\"><\/div><\/div><div class=\"fg-item fg-type-image fg-idle\"><figure class=\"fg-item-inner\"><a href=\"https:\/\/multimill.ee\/wp-content\/uploads\/2019\/12\/fremtas-collar-scaled-e1742545787526.webp\" data-attachment-id=\"1569\" data-e-disable-page-transition=\"true\" data-type=\"image\" class=\"fg-thumb\"><span class=\"fg-image-wrap\"><img decoding=\"async\" width=\"400\" height=\"270\" class=\"skip-lazy fg-image\" data-src-fg=\"https:\/\/multimill.ee\/wp-content\/uploads\/cache\/2019\/12\/fremtas-collar-scaled-e1742545787526\/3774925393.webp\" data-srcset-fg=\"https:\/\/multimill.ee\/wp-content\/uploads\/cache\/2019\/12\/fremtas-collar-scaled-e1742545787526\/3342706785.webp 2x,https:\/\/multimill.ee\/wp-content\/uploads\/cache\/2019\/12\/fremtas-collar-scaled-e1742545787526\/349498610.webp 3x\" src=\"data:image\/svg+xml,%3Csvg%20xmlns%3D%22http%3A%2F%2Fwww.w3.org%2F2000%2Fsvg%22%20width%3D%22400%22%20height%3D%22270%22%20viewBox%3D%220%200%20400%20270%22%3E%3C%2Fsvg%3E\" loading=\"eager\" alt=\"\" title=\"\"><\/span><span class=\"fg-image-overlay\"><\/span><\/a><\/figure><div class=\"fg-loader\"><\/div><\/div><div class=\"fg-item fg-type-image fg-idle\"><figure class=\"fg-item-inner\"><a href=\"https:\/\/multimill.ee\/wp-content\/uploads\/2019\/12\/fremtas-machining-3.webp\" data-attachment-id=\"1553\" data-e-disable-page-transition=\"true\" data-type=\"image\" class=\"fg-thumb\"><span class=\"fg-image-wrap\"><img decoding=\"async\" width=\"400\" height=\"270\" class=\"skip-lazy fg-image\" data-src-fg=\"https:\/\/multimill.ee\/wp-content\/uploads\/cache\/2019\/12\/fremtas-machining-3\/2077711097.webp\" data-srcset-fg=\"https:\/\/multimill.ee\/wp-content\/uploads\/cache\/2019\/12\/fremtas-machining-3\/845197357.webp 2x,https:\/\/multimill.ee\/wp-content\/uploads\/cache\/2019\/12\/fremtas-machining-3\/3388111560.webp 3x\" src=\"data:image\/svg+xml,%3Csvg%20xmlns%3D%22http%3A%2F%2Fwww.w3.org%2F2000%2Fsvg%22%20width%3D%22400%22%20height%3D%22270%22%20viewBox%3D%220%200%20400%20270%22%3E%3C%2Fsvg%3E\" loading=\"eager\" alt=\"\" title=\"\"><\/span><span class=\"fg-image-overlay\"><\/span><\/a><\/figure><div class=\"fg-loader\"><\/div><\/div><div class=\"fg-item fg-type-image fg-idle\"><figure class=\"fg-item-inner\"><a href=\"https:\/\/multimill.ee\/wp-content\/uploads\/2019\/12\/fremtas-machining-e1742545654674.webp\" data-attachment-id=\"1529\" data-e-disable-page-transition=\"true\" data-type=\"image\" class=\"fg-thumb\"><span class=\"fg-image-wrap\"><img decoding=\"async\" width=\"400\" height=\"270\" class=\"skip-lazy fg-image\" data-src-fg=\"https:\/\/multimill.ee\/wp-content\/uploads\/cache\/2019\/12\/fremtas-machining-e1742545654674\/2357697939.webp\" data-srcset-fg=\"https:\/\/multimill.ee\/wp-content\/uploads\/cache\/2019\/12\/fremtas-machining-e1742545654674\/149305497.webp 2x,https:\/\/multimill.ee\/wp-content\/uploads\/cache\/2019\/12\/fremtas-machining-e1742545654674\/2387941390.webp 3x\" src=\"data:image\/svg+xml,%3Csvg%20xmlns%3D%22http%3A%2F%2Fwww.w3.org%2F2000%2Fsvg%22%20width%3D%22400%22%20height%3D%22270%22%20viewBox%3D%220%200%20400%20270%22%3E%3C%2Fsvg%3E\" loading=\"eager\" alt=\"\" title=\"\"><\/span><span class=\"fg-image-overlay\"><\/span><\/a><\/figure><div class=\"fg-loader\"><\/div><\/div><\/div>\n<style type=\"text\/css\">#foogallery-gallery-184 { \r\nmargin-bottom: 20px;\r\n}<\/style><h5><strong><span style=\"font-size: 1.7em; color: #ffffff;\">SC27\/Mitutoyo linear scales<\/span><\/strong><\/h5><ul><li>T\u00f6\u00f6laua diameeter=2500mm; Max detaili k\u00f5rgus=1900mm<br \/>Max detaili diameeter=2700mm<\/li><\/ul><style type=\"text\/css\">\n#foogallery-gallery-175 .fg-image { width: 400px; }\n#foogallery-gallery-175 { --fg-gutter: 10px; }<\/style>\n\t\t\t<div class=\"foogallery foogallery-container foogallery-default foogallery-lightbox-foobox fg-left fg-default fg-ready fg-light fg-loading-default fg-loaded-fade-in fg-hover-fade fg-hover-zoom\" id=\"foogallery-gallery-175\" data-foogallery=\"{&quot;item&quot;:{&quot;showCaptionTitle&quot;:true,&quot;showCaptionDescription&quot;:true},&quot;lazy&quot;:true}\" style=\"--fg-title-line-clamp: 0; --fg-description-line-clamp: 0;\" >\n\t<div class=\"fg-item fg-type-image fg-idle\"><figure class=\"fg-item-inner\"><a href=\"https:\/\/multimill.ee\/wp-content\/uploads\/2019\/12\/img-7202-scaled.webp\" data-attachment-id=\"2318\" data-e-disable-page-transition=\"true\" data-type=\"image\" class=\"fg-thumb\"><span class=\"fg-image-wrap\"><img decoding=\"async\" width=\"400\" height=\"270\" class=\"skip-lazy fg-image\" data-src-fg=\"https:\/\/multimill.ee\/wp-content\/uploads\/cache\/2019\/12\/img-7202-scaled\/3497700046.webp\" data-srcset-fg=\"https:\/\/multimill.ee\/wp-content\/uploads\/cache\/2019\/12\/img-7202-scaled\/1468236190.webp 2x,https:\/\/multimill.ee\/wp-content\/uploads\/cache\/2019\/12\/img-7202-scaled\/1865481563.webp 3x\" src=\"data:image\/svg+xml,%3Csvg%20xmlns%3D%22http%3A%2F%2Fwww.w3.org%2F2000%2Fsvg%22%20width%3D%22400%22%20height%3D%22270%22%20viewBox%3D%220%200%20400%20270%22%3E%3C%2Fsvg%3E\" loading=\"eager\" alt=\"\" title=\"\"><\/span><span class=\"fg-image-overlay\"><\/span><\/a><\/figure><div class=\"fg-loader\"><\/div><\/div><div class=\"fg-item fg-type-image fg-idle\"><figure class=\"fg-item-inner\"><a href=\"https:\/\/multimill.ee\/wp-content\/uploads\/2019\/12\/img-6522-scaled.webp\" data-attachment-id=\"2319\" data-e-disable-page-transition=\"true\" data-type=\"image\" class=\"fg-thumb\"><span class=\"fg-image-wrap\"><img decoding=\"async\" alt=\"Vertical turining\" width=\"400\" height=\"270\" class=\"skip-lazy fg-image\" data-src-fg=\"https:\/\/multimill.ee\/wp-content\/uploads\/cache\/2019\/12\/img-6522-scaled\/1810251188.webp\" data-srcset-fg=\"https:\/\/multimill.ee\/wp-content\/uploads\/cache\/2019\/12\/img-6522-scaled\/3961460452.webp 2x,https:\/\/multimill.ee\/wp-content\/uploads\/cache\/2019\/12\/img-6522-scaled\/3568069153.webp 3x\" src=\"data:image\/svg+xml,%3Csvg%20xmlns%3D%22http%3A%2F%2Fwww.w3.org%2F2000%2Fsvg%22%20width%3D%22400%22%20height%3D%22270%22%20viewBox%3D%220%200%20400%20270%22%3E%3C%2Fsvg%3E\" loading=\"eager\" title=\"\"><\/span><span class=\"fg-image-overlay\"><\/span><\/a><\/figure><div class=\"fg-loader\"><\/div><\/div><div class=\"fg-item fg-type-image fg-idle\"><figure class=\"fg-item-inner\"><a href=\"https:\/\/multimill.ee\/wp-content\/uploads\/2019\/12\/img-20160425-134845.jpg\" data-attachment-id=\"306\" data-e-disable-page-transition=\"true\" data-type=\"image\" class=\"fg-thumb\"><span class=\"fg-image-wrap\"><img decoding=\"async\" width=\"400\" height=\"270\" class=\"skip-lazy fg-image\" data-src-fg=\"https:\/\/multimill.ee\/wp-content\/uploads\/cache\/2019\/12\/img-20160425-134845\/1671655153.jpg\" data-srcset-fg=\"https:\/\/multimill.ee\/wp-content\/uploads\/cache\/2019\/12\/img-20160425-134845\/1973701916.jpg 2x\" src=\"data:image\/svg+xml,%3Csvg%20xmlns%3D%22http%3A%2F%2Fwww.w3.org%2F2000%2Fsvg%22%20width%3D%22400%22%20height%3D%22270%22%20viewBox%3D%220%200%20400%20270%22%3E%3C%2Fsvg%3E\" loading=\"eager\" alt=\"\" title=\"\"><\/span><span class=\"fg-image-overlay\"><\/span><\/a><\/figure><div class=\"fg-loader\"><\/div><\/div><div class=\"fg-item fg-type-image fg-idle\"><figure class=\"fg-item-inner\"><a href=\"https:\/\/multimill.ee\/wp-content\/uploads\/2019\/12\/img-20191113-110714.jpg\" data-attachment-id=\"307\" data-e-disable-page-transition=\"true\" data-type=\"image\" class=\"fg-thumb\"><span class=\"fg-image-wrap\"><img decoding=\"async\" width=\"400\" height=\"270\" class=\"skip-lazy fg-image\" data-src-fg=\"https:\/\/multimill.ee\/wp-content\/uploads\/cache\/2019\/12\/img-20191113-110714\/838372232.jpg\" data-srcset-fg=\"https:\/\/multimill.ee\/wp-content\/uploads\/cache\/2019\/12\/img-20191113-110714\/671066213.jpg 2x\" src=\"data:image\/svg+xml,%3Csvg%20xmlns%3D%22http%3A%2F%2Fwww.w3.org%2F2000%2Fsvg%22%20width%3D%22400%22%20height%3D%22270%22%20viewBox%3D%220%200%20400%20270%22%3E%3C%2Fsvg%3E\" loading=\"eager\" alt=\"\" title=\"\"><\/span><span class=\"fg-image-overlay\"><\/span><\/a><\/figure><div class=\"fg-loader\"><\/div><\/div><div class=\"fg-item fg-type-image fg-idle\"><figure class=\"fg-item-inner\"><a href=\"https:\/\/multimill.ee\/wp-content\/uploads\/2019\/12\/img-20191113-110724.jpg\" data-attachment-id=\"308\" data-e-disable-page-transition=\"true\" data-type=\"image\" class=\"fg-thumb\"><span class=\"fg-image-wrap\"><img decoding=\"async\" width=\"400\" height=\"270\" class=\"skip-lazy fg-image\" data-src-fg=\"https:\/\/multimill.ee\/wp-content\/uploads\/cache\/2019\/12\/img-20191113-110724\/1374175253.jpg\" data-srcset-fg=\"https:\/\/multimill.ee\/wp-content\/uploads\/cache\/2019\/12\/img-20191113-110724\/1206871032.jpg 2x\" src=\"data:image\/svg+xml,%3Csvg%20xmlns%3D%22http%3A%2F%2Fwww.w3.org%2F2000%2Fsvg%22%20width%3D%22400%22%20height%3D%22270%22%20viewBox%3D%220%200%20400%20270%22%3E%3C%2Fsvg%3E\" loading=\"eager\" alt=\"\" title=\"\"><\/span><span class=\"fg-image-overlay\"><\/span><\/a><\/figure><div class=\"fg-loader\"><\/div><\/div><\/div>\n<style type=\"text\/css\">#foogallery-gallery-175 { \r\nmargin-bottom: 20px;\r\n}<\/style>\t\t\t\t\t\t\t\t<\/div>\n\t\t\t\t\t<\/div>\n\t\t<\/div>\n\t\t\t\t\t<\/div>\n\t\t<\/section>\n\t\t\t\t<\/div>\n\t\t","protected":false},"excerpt":{"rendered":"<p>Fremtas 20FFR3 T\u00f6\u00f6laua diameeter=1600mm; Max detaili k\u00f5rgus=1200mm Max detaili diameeter=2000mm SC27\/Mitutoyo linear scales T\u00f6\u00f6laua diameeter=2500mm; Max detaili k\u00f5rgus=1900mmMax detaili diameeter=2700mm<\/p>\n","protected":false},"author":1,"featured_media":0,"parent":0,"menu_order":0,"comment_status":"closed","ping_status":"closed","template":"","meta":{"site-sidebar-layout":"default","site-content-layout":"default","ast-site-content-layout":"default","site-content-style":"default","site-sidebar-style":"default","ast-global-header-display":"","ast-banner-title-visibility":"","ast-main-header-display":"","ast-hfb-above-header-display":"","ast-hfb-below-header-display":"","ast-hfb-mobile-header-display":"","site-post-title":"","ast-breadcrumbs-content":"","ast-featured-img":"","footer-sml-layout":"","ast-disable-related-posts":"","theme-transparent-header-meta":"default","adv-header-id-meta":"","stick-header-meta":"default","header-above-stick-meta":"","header-main-stick-meta":"","header-below-stick-meta":"","astra-migrate-meta-layouts":"default","ast-page-background-enabled":"default","ast-page-background-meta":{"desktop":{"background-color":"","background-image":"","background-repeat":"repeat","background-position":"center center","background-size":"auto","background-attachment":"scroll","background-type":"","background-media":"","overlay-type":"","overlay-color":"","overlay-opacity":"","overlay-gradient":""},"tablet":{"background-color":"","background-image":"","background-repeat":"repeat","background-position":"center center","background-size":"auto","background-attachment":"scroll","background-type":"","background-media":"","overlay-type":"","overlay-color":"","overlay-opacity":"","overlay-gradient":""},"mobile":{"background-color":"","background-image":"","background-repeat":"repeat","background-position":"center center","background-size":"auto","background-attachment":"scroll","background-type":"","background-media":"","overlay-type":"","overlay-color":"","overlay-opacity":"","overlay-gradient":""}},"ast-content-background-meta":{"desktop":{"background-color":"var(--ast-global-color-5)","background-image":"","background-repeat":"repeat","background-position":"center center","background-size":"auto","background-attachment":"scroll","background-type":"","background-media":"","overlay-type":"","overlay-color":"","overlay-opacity":"","overlay-gradient":""},"tablet":{"background-color":"var(--ast-global-color-5)","background-image":"","background-repeat":"repeat","background-position":"center center","background-size":"auto","background-attachment":"scroll","background-type":"","background-media":"","overlay-type":"","overlay-color":"","overlay-opacity":"","overlay-gradient":""},"mobile":{"background-color":"var(--ast-global-color-5)","background-image":"","background-repeat":"repeat","background-position":"center center","background-size":"auto","background-attachment":"scroll","background-type":"","background-media":"","overlay-type":"","overlay-color":"","overlay-opacity":"","overlay-gradient":""}},"footnotes":""},"class_list":["post-344","page","type-page","status-publish","hentry"],"_links":{"self":[{"href":"https:\/\/multimill.ee\/ru\/wp-json\/wp\/v2\/pages\/344","targetHints":{"allow":["GET"]}}],"collection":[{"href":"https:\/\/multimill.ee\/ru\/wp-json\/wp\/v2\/pages"}],"about":[{"href":"https:\/\/multimill.ee\/ru\/wp-json\/wp\/v2\/types\/page"}],"author":[{"embeddable":true,"href":"https:\/\/multimill.ee\/ru\/wp-json\/wp\/v2\/users\/1"}],"replies":[{"embeddable":true,"href":"https:\/\/multimill.ee\/ru\/wp-json\/wp\/v2\/comments?post=344"}],"version-history":[{"count":5,"href":"https:\/\/multimill.ee\/ru\/wp-json\/wp\/v2\/pages\/344\/revisions"}],"predecessor-version":[{"id":2315,"href":"https:\/\/multimill.ee\/ru\/wp-json\/wp\/v2\/pages\/344\/revisions\/2315"}],"wp:attachment":[{"href":"https:\/\/multimill.ee\/ru\/wp-json\/wp\/v2\/media?parent=344"}],"curies":[{"name":"wp","href":"https:\/\/api.w.org\/{rel}","templated":true}]}}