{"id":651,"date":"2019-12-10T11:44:40","date_gmt":"2019-12-10T09:44:40","guid":{"rendered":"https:\/\/multimill.ee\/frasmaskiner\/"},"modified":"2026-03-06T21:18:44","modified_gmt":"2026-03-06T19:18:44","slug":"freespingid","status":"publish","type":"page","link":"https:\/\/multimill.ee\/sv\/freespingid\/","title":{"rendered":"CNC Freesimine"},"content":{"rendered":"\t\t<div data-elementor-type=\"wp-page\" data-elementor-id=\"651\" class=\"elementor elementor-651 elementor-59\">\n\t\t\t\t\t\t<section class=\"elementor-section elementor-top-section elementor-element elementor-element-57a9fe0f elementor-section-boxed elementor-section-height-default elementor-section-height-default\" data-id=\"57a9fe0f\" data-element_type=\"section\" data-e-type=\"section\">\n\t\t\t\t\t\t<div class=\"elementor-container elementor-column-gap-default\">\n\t\t\t\t\t<div class=\"elementor-column elementor-col-100 elementor-top-column elementor-element elementor-element-7ebd286d\" data-id=\"7ebd286d\" data-element_type=\"column\" data-e-type=\"column\">\n\t\t\t<div class=\"elementor-widget-wrap elementor-element-populated\">\n\t\t\t\t\t\t<div class=\"elementor-element elementor-element-3669fbdb elementor-widget elementor-widget-text-editor\" data-id=\"3669fbdb\" data-element_type=\"widget\" data-e-type=\"widget\" data-widget_type=\"text-editor.default\">\n\t\t\t\t\t\t\t\t\t<h2><strong><span style=\"color: #ffffff;\">Zayer XIOS 4000<\/span><\/strong><\/h2><ul><li>X=4000mm; Y=1500mm; Z=1400mm<\/li><li>T\u00f6\u00f6laua kandev\u00f5ime 7T<\/li><\/ul><style type=\"text\/css\">\n#foogallery-gallery-122 .fg-image { width: 400px; }\n#foogallery-gallery-122 { --fg-gutter: 10px; }<\/style>\n\t\t\t<div class=\"foogallery foogallery-container foogallery-default foogallery-lightbox-foobox fg-left fg-default fg-ready fg-light fg-loading-default fg-loaded-fade-in fg-hover-fade fg-hover-zoom\" id=\"foogallery-gallery-122\" data-foogallery=\"{&quot;item&quot;:{&quot;showCaptionTitle&quot;:true,&quot;showCaptionDescription&quot;:true},&quot;lazy&quot;:true}\" style=\"--fg-title-line-clamp: 0; --fg-description-line-clamp: 0;\" >\n\t<div class=\"fg-item fg-type-image fg-idle\"><figure class=\"fg-item-inner\"><a href=\"https:\/\/multimill.ee\/wp-content\/uploads\/2019\/12\/zayer-uldplaan-scaled-e1742541301830.jpg\" data-attachment-id=\"1263\" data-e-disable-page-transition=\"true\" data-type=\"image\" class=\"fg-thumb\"><span class=\"fg-image-wrap\"><img fetchpriority=\"high\" decoding=\"async\" width=\"400\" height=\"270\" class=\"skip-lazy fg-image\" data-src-fg=\"https:\/\/multimill.ee\/wp-content\/uploads\/cache\/2019\/12\/zayer-uldplaan-scaled-e1742541301830\/1603161499.jpg\" data-srcset-fg=\"https:\/\/multimill.ee\/wp-content\/uploads\/cache\/2019\/12\/zayer-uldplaan-scaled-e1742541301830\/3151810987.jpg 2x,https:\/\/multimill.ee\/wp-content\/uploads\/cache\/2019\/12\/zayer-uldplaan-scaled-e1742541301830\/2221717964.jpg 3x\" src=\"data:image\/svg+xml,%3Csvg%20xmlns%3D%22http%3A%2F%2Fwww.w3.org%2F2000%2Fsvg%22%20width%3D%22400%22%20height%3D%22270%22%20viewBox%3D%220%200%20400%20270%22%3E%3C%2Fsvg%3E\" loading=\"eager\" alt=\"\" title=\"\"><\/span><span class=\"fg-image-overlay\"><\/span><\/a><\/figure><div class=\"fg-loader\"><\/div><\/div><div class=\"fg-item fg-type-image fg-idle\"><figure class=\"fg-item-inner\"><a href=\"https:\/\/multimill.ee\/wp-content\/uploads\/2019\/12\/zayer-uld-endplate-scaled-e1742541316247.jpg\" data-attachment-id=\"1271\" data-e-disable-page-transition=\"true\" data-type=\"image\" class=\"fg-thumb\"><span class=\"fg-image-wrap\"><img decoding=\"async\" width=\"400\" height=\"270\" class=\"skip-lazy fg-image\" data-src-fg=\"https:\/\/multimill.ee\/wp-content\/uploads\/cache\/2019\/12\/zayer-uld-endplate-scaled-e1742541316247\/1990546867.jpg\" data-srcset-fg=\"https:\/\/multimill.ee\/wp-content\/uploads\/cache\/2019\/12\/zayer-uld-endplate-scaled-e1742541316247\/1567487281.jpg 2x,https:\/\/multimill.ee\/wp-content\/uploads\/cache\/2019\/12\/zayer-uld-endplate-scaled-e1742541316247\/4026213270.jpg 3x\" src=\"data:image\/svg+xml,%3Csvg%20xmlns%3D%22http%3A%2F%2Fwww.w3.org%2F2000%2Fsvg%22%20width%3D%22400%22%20height%3D%22270%22%20viewBox%3D%220%200%20400%20270%22%3E%3C%2Fsvg%3E\" loading=\"eager\" alt=\"\" title=\"\"><\/span><span class=\"fg-image-overlay\"><\/span><\/a><\/figure><div class=\"fg-loader\"><\/div><\/div><div class=\"fg-item fg-type-image fg-idle\"><figure class=\"fg-item-inner\"><a href=\"https:\/\/multimill.ee\/wp-content\/uploads\/2019\/12\/zayer-tootlus-endplate-scaled-e1742541456776.jpg\" data-attachment-id=\"1295\" data-e-disable-page-transition=\"true\" data-type=\"image\" class=\"fg-thumb\"><span class=\"fg-image-wrap\"><img decoding=\"async\" width=\"400\" height=\"270\" class=\"skip-lazy fg-image\" data-src-fg=\"https:\/\/multimill.ee\/wp-content\/uploads\/cache\/2019\/12\/zayer-tootlus-endplate-scaled-e1742541456776\/825136397.jpg\" data-srcset-fg=\"https:\/\/multimill.ee\/wp-content\/uploads\/cache\/2019\/12\/zayer-tootlus-endplate-scaled-e1742541456776\/10031835.jpg 2x,https:\/\/multimill.ee\/wp-content\/uploads\/cache\/2019\/12\/zayer-tootlus-endplate-scaled-e1742541456776\/1532331481.jpg 3x\" src=\"data:image\/svg+xml,%3Csvg%20xmlns%3D%22http%3A%2F%2Fwww.w3.org%2F2000%2Fsvg%22%20width%3D%22400%22%20height%3D%22270%22%20viewBox%3D%220%200%20400%20270%22%3E%3C%2Fsvg%3E\" loading=\"eager\" alt=\"\" title=\"\"><\/span><span class=\"fg-image-overlay\"><\/span><\/a><\/figure><div class=\"fg-loader\"><\/div><\/div><div class=\"fg-item fg-type-image fg-idle\"><figure class=\"fg-item-inner\"><a href=\"https:\/\/multimill.ee\/wp-content\/uploads\/2019\/12\/zayer-uld-2-1-scaled-e1742541492609.jpg\" data-attachment-id=\"1311\" data-e-disable-page-transition=\"true\" data-type=\"image\" class=\"fg-thumb\"><span class=\"fg-image-wrap\"><img decoding=\"async\" width=\"400\" height=\"270\" class=\"skip-lazy fg-image\" data-src-fg=\"https:\/\/multimill.ee\/wp-content\/uploads\/cache\/2019\/12\/zayer-uld-2-1-scaled-e1742541492609\/3731427696.jpg\" data-srcset-fg=\"https:\/\/multimill.ee\/wp-content\/uploads\/cache\/2019\/12\/zayer-uld-2-1-scaled-e1742541492609\/2184850172.jpg 2x,https:\/\/multimill.ee\/wp-content\/uploads\/cache\/2019\/12\/zayer-uld-2-1-scaled-e1742541492609\/2270466138.jpg 3x\" src=\"data:image\/svg+xml,%3Csvg%20xmlns%3D%22http%3A%2F%2Fwww.w3.org%2F2000%2Fsvg%22%20width%3D%22400%22%20height%3D%22270%22%20viewBox%3D%220%200%20400%20270%22%3E%3C%2Fsvg%3E\" loading=\"eager\" alt=\"\" title=\"\"><\/span><span class=\"fg-image-overlay\"><\/span><\/a><\/figure><div class=\"fg-loader\"><\/div><\/div><div class=\"fg-item fg-type-image fg-idle\"><figure class=\"fg-item-inner\"><a href=\"https:\/\/multimill.ee\/wp-content\/uploads\/2025\/03\/img-6604-scaled.webp\" data-attachment-id=\"1039\" data-e-disable-page-transition=\"true\" data-type=\"image\" class=\"fg-thumb\"><span class=\"fg-image-wrap\"><img decoding=\"async\" width=\"400\" height=\"270\" class=\"skip-lazy fg-image\" data-src-fg=\"https:\/\/multimill.ee\/wp-content\/uploads\/cache\/2025\/03\/img-6604-scaled\/2549749635.webp\" data-srcset-fg=\"https:\/\/multimill.ee\/wp-content\/uploads\/cache\/2025\/03\/img-6604-scaled\/268647635.webp 2x,https:\/\/multimill.ee\/wp-content\/uploads\/cache\/2025\/03\/img-6604-scaled\/682639382.webp 3x\" src=\"data:image\/svg+xml,%3Csvg%20xmlns%3D%22http%3A%2F%2Fwww.w3.org%2F2000%2Fsvg%22%20width%3D%22400%22%20height%3D%22270%22%20viewBox%3D%220%200%20400%20270%22%3E%3C%2Fsvg%3E\" loading=\"eager\" alt=\"\" title=\"\"><\/span><span class=\"fg-image-overlay\"><\/span><\/a><\/figure><div class=\"fg-loader\"><\/div><\/div><div class=\"fg-item fg-type-image fg-idle\"><figure class=\"fg-item-inner\"><a href=\"https:\/\/multimill.ee\/wp-content\/uploads\/2025\/03\/img-6612-1-scaled-e1742294619461.webp\" data-attachment-id=\"983\" data-e-disable-page-transition=\"true\" data-type=\"image\" class=\"fg-thumb\"><span class=\"fg-image-wrap\"><img decoding=\"async\" width=\"400\" height=\"270\" class=\"skip-lazy fg-image\" data-src-fg=\"https:\/\/multimill.ee\/wp-content\/uploads\/cache\/2025\/03\/img-6612-1-scaled-e1742294619461\/752833244.webp\" data-srcset-fg=\"https:\/\/multimill.ee\/wp-content\/uploads\/cache\/2025\/03\/img-6612-1-scaled-e1742294619461\/4080764623.webp 2x,https:\/\/multimill.ee\/wp-content\/uploads\/cache\/2025\/03\/img-6612-1-scaled-e1742294619461\/2479473951.webp 3x\" src=\"data:image\/svg+xml,%3Csvg%20xmlns%3D%22http%3A%2F%2Fwww.w3.org%2F2000%2Fsvg%22%20width%3D%22400%22%20height%3D%22270%22%20viewBox%3D%220%200%20400%20270%22%3E%3C%2Fsvg%3E\" loading=\"eager\" alt=\"\" title=\"\"><\/span><span class=\"fg-image-overlay\"><\/span><\/a><\/figure><div class=\"fg-loader\"><\/div><\/div><div class=\"fg-item fg-type-image fg-idle\"><figure class=\"fg-item-inner\"><a href=\"https:\/\/multimill.ee\/wp-content\/uploads\/2025\/03\/img-6603-scaled.webp\" data-attachment-id=\"943\" data-e-disable-page-transition=\"true\" data-type=\"image\" class=\"fg-thumb\"><span class=\"fg-image-wrap\"><img decoding=\"async\" width=\"400\" height=\"270\" class=\"skip-lazy fg-image\" data-src-fg=\"https:\/\/multimill.ee\/wp-content\/uploads\/cache\/2025\/03\/img-6603-scaled\/2097246500.webp\" data-srcset-fg=\"https:\/\/multimill.ee\/wp-content\/uploads\/cache\/2025\/03\/img-6603-scaled\/2357851061.webp 2x,https:\/\/multimill.ee\/wp-content\/uploads\/cache\/2025\/03\/img-6603-scaled\/3879203351.webp 3x\" src=\"data:image\/svg+xml,%3Csvg%20xmlns%3D%22http%3A%2F%2Fwww.w3.org%2F2000%2Fsvg%22%20width%3D%22400%22%20height%3D%22270%22%20viewBox%3D%220%200%20400%20270%22%3E%3C%2Fsvg%3E\" loading=\"eager\" alt=\"\" title=\"\"><\/span><span class=\"fg-image-overlay\"><\/span><\/a><\/figure><div class=\"fg-loader\"><\/div><\/div><\/div>\n<style type=\"text\/css\">#foogallery-gallery-122 { \r\nmargin-bottom: 20px;\r\n}<\/style><h2>\u00a0<\/h2><h2><strong><span style=\"color: #ffffff;\">Wagner WMK 1400K<\/span><\/strong><\/h2><ul><li>X=1400mm; Y=800mm; Z=700mm<\/li><li>T\u00f6\u00f6laua kandev\u00f5ime 5T<\/li><\/ul><style type=\"text\/css\">\n#foogallery-gallery-1145 .fg-image { width: 400px; }\n#foogallery-gallery-1145 { --fg-gutter: 10px; }<\/style>\n\t\t\t<div class=\"foogallery foogallery-container foogallery-default foogallery-lightbox-foobox fg-left fg-default fg-ready fg-light fg-loading-default fg-loaded-fade-in fg-hover-fade fg-hover-zoom\" id=\"foogallery-gallery-1145\" data-foogallery=\"{&quot;item&quot;:{&quot;showCaptionTitle&quot;:true,&quot;showCaptionDescription&quot;:true},&quot;lazy&quot;:true}\" style=\"--fg-title-line-clamp: 0; --fg-description-line-clamp: 0;\" >\n\t<div class=\"fg-item fg-type-image fg-idle\"><figure class=\"fg-item-inner\"><a href=\"https:\/\/multimill.ee\/wp-content\/uploads\/2025\/03\/wagner-meheta-scaled-e1742540881590.jpg\" data-attachment-id=\"1207\" data-e-disable-page-transition=\"true\" data-type=\"image\" class=\"fg-thumb\"><span class=\"fg-image-wrap\"><img decoding=\"async\" width=\"400\" height=\"270\" class=\"skip-lazy fg-image\" data-src-fg=\"https:\/\/multimill.ee\/wp-content\/uploads\/cache\/2025\/03\/wagner-meheta-scaled-e1742540881590\/2273489528.jpg\" data-srcset-fg=\"https:\/\/multimill.ee\/wp-content\/uploads\/cache\/2025\/03\/wagner-meheta-scaled-e1742540881590\/1674587720.jpg 2x,https:\/\/multimill.ee\/wp-content\/uploads\/cache\/2025\/03\/wagner-meheta-scaled-e1742540881590\/1549813295.jpg 3x\" src=\"data:image\/svg+xml,%3Csvg%20xmlns%3D%22http%3A%2F%2Fwww.w3.org%2F2000%2Fsvg%22%20width%3D%22400%22%20height%3D%22270%22%20viewBox%3D%220%200%20400%20270%22%3E%3C%2Fsvg%3E\" loading=\"eager\" alt=\"\" title=\"\"><\/span><span class=\"fg-image-overlay\"><\/span><\/a><\/figure><div class=\"fg-loader\"><\/div><\/div><div class=\"fg-item fg-type-image fg-idle\"><figure class=\"fg-item-inner\"><a href=\"https:\/\/multimill.ee\/wp-content\/uploads\/2025\/03\/img-6610-scaled-e1742294795784.webp\" data-attachment-id=\"967\" data-e-disable-page-transition=\"true\" data-type=\"image\" class=\"fg-thumb\"><span class=\"fg-image-wrap\"><img decoding=\"async\" width=\"400\" height=\"270\" class=\"skip-lazy fg-image\" data-src-fg=\"https:\/\/multimill.ee\/wp-content\/uploads\/cache\/2025\/03\/img-6610-scaled-e1742294795784\/1009637892.webp\" data-srcset-fg=\"https:\/\/multimill.ee\/wp-content\/uploads\/cache\/2025\/03\/img-6610-scaled-e1742294795784\/3088452264.webp 2x,https:\/\/multimill.ee\/wp-content\/uploads\/cache\/2025\/03\/img-6610-scaled-e1742294795784\/4208660279.webp 3x\" src=\"data:image\/svg+xml,%3Csvg%20xmlns%3D%22http%3A%2F%2Fwww.w3.org%2F2000%2Fsvg%22%20width%3D%22400%22%20height%3D%22270%22%20viewBox%3D%220%200%20400%20270%22%3E%3C%2Fsvg%3E\" loading=\"eager\" alt=\"\" title=\"\"><\/span><span class=\"fg-image-overlay\"><\/span><\/a><\/figure><div class=\"fg-loader\"><\/div><\/div><div class=\"fg-item fg-type-image fg-idle\"><figure class=\"fg-item-inner\"><a href=\"https:\/\/multimill.ee\/wp-content\/uploads\/2025\/03\/wagner-scaled-e1742540854872.jpg\" data-attachment-id=\"1199\" data-e-disable-page-transition=\"true\" data-type=\"image\" class=\"fg-thumb\"><span class=\"fg-image-wrap\"><img decoding=\"async\" width=\"400\" height=\"270\" class=\"skip-lazy fg-image\" data-src-fg=\"https:\/\/multimill.ee\/wp-content\/uploads\/cache\/2025\/03\/wagner-scaled-e1742540854872\/956880828.jpg\" data-srcset-fg=\"https:\/\/multimill.ee\/wp-content\/uploads\/cache\/2025\/03\/wagner-scaled-e1742540854872\/3444186350.jpg 2x,https:\/\/multimill.ee\/wp-content\/uploads\/cache\/2025\/03\/wagner-scaled-e1742540854872\/984911522.jpg 3x\" src=\"data:image\/svg+xml,%3Csvg%20xmlns%3D%22http%3A%2F%2Fwww.w3.org%2F2000%2Fsvg%22%20width%3D%22400%22%20height%3D%22270%22%20viewBox%3D%220%200%20400%20270%22%3E%3C%2Fsvg%3E\" loading=\"eager\" alt=\"\" title=\"\"><\/span><span class=\"fg-image-overlay\"><\/span><\/a><\/figure><div class=\"fg-loader\"><\/div><\/div><\/div>\n<style type=\"text\/css\">#foogallery-gallery-108 { \r\nmargin-bottom: 20px;\r\n}<\/style><h2>\u00a0<\/h2><p>\u00a0<\/p>\t\t\t\t\t\t\t\t<\/div>\n\t\t\t\t\t<\/div>\n\t\t<\/div>\n\t\t\t\t\t<\/div>\n\t\t<\/section>\n\t\t\t\t<\/div>\n\t\t","protected":false},"excerpt":{"rendered":"<p>Zayer XIOS 4000 X=4000mm; Y=1500mm; Z=1400mm T\u00f6\u00f6laua kandev\u00f5ime 7T \u00a0 Wagner WMK 1400K X=1400mm; Y=800mm; Z=700mm T\u00f6\u00f6laua kandev\u00f5ime 5T \u00a0 \u00a0<\/p>\n","protected":false},"author":1,"featured_media":0,"parent":0,"menu_order":0,"comment_status":"closed","ping_status":"closed","template":"","meta":{"site-sidebar-layout":"default","site-content-layout":"default","ast-site-content-layout":"default","site-content-style":"default","site-sidebar-style":"default","ast-global-header-display":"","ast-banner-title-visibility":"","ast-main-header-display":"","ast-hfb-above-header-display":"","ast-hfb-below-header-display":"","ast-hfb-mobile-header-display":"","site-post-title":"","ast-breadcrumbs-content":"","ast-featured-img":"","footer-sml-layout":"","ast-disable-related-posts":"","theme-transparent-header-meta":"default","adv-header-id-meta":"","stick-header-meta":"default","header-above-stick-meta":"","header-main-stick-meta":"","header-below-stick-meta":"","astra-migrate-meta-layouts":"default","ast-page-background-enabled":"default","ast-page-background-meta":{"desktop":{"background-color":"","background-image":"","background-repeat":"repeat","background-position":"center center","background-size":"auto","background-attachment":"scroll","background-type":"","background-media":"","overlay-type":"","overlay-color":"","overlay-opacity":"","overlay-gradient":""},"tablet":{"background-color":"","background-image":"","background-repeat":"repeat","background-position":"center center","background-size":"auto","background-attachment":"scroll","background-type":"","background-media":"","overlay-type":"","overlay-color":"","overlay-opacity":"","overlay-gradient":""},"mobile":{"background-color":"","background-image":"","background-repeat":"repeat","background-position":"center center","background-size":"auto","background-attachment":"scroll","background-type":"","background-media":"","overlay-type":"","overlay-color":"","overlay-opacity":"","overlay-gradient":""}},"ast-content-background-meta":{"desktop":{"background-color":"var(--ast-global-color-5)","background-image":"","background-repeat":"repeat","background-position":"center center","background-size":"auto","background-attachment":"scroll","background-type":"","background-media":"","overlay-type":"","overlay-color":"","overlay-opacity":"","overlay-gradient":""},"tablet":{"background-color":"var(--ast-global-color-5)","background-image":"","background-repeat":"repeat","background-position":"center center","background-size":"auto","background-attachment":"scroll","background-type":"","background-media":"","overlay-type":"","overlay-color":"","overlay-opacity":"","overlay-gradient":""},"mobile":{"background-color":"var(--ast-global-color-5)","background-image":"","background-repeat":"repeat","background-position":"center center","background-size":"auto","background-attachment":"scroll","background-type":"","background-media":"","overlay-type":"","overlay-color":"","overlay-opacity":"","overlay-gradient":""}},"footnotes":""},"class_list":["post-651","page","type-page","status-publish","hentry"],"_links":{"self":[{"href":"https:\/\/multimill.ee\/sv\/wp-json\/wp\/v2\/pages\/651","targetHints":{"allow":["GET"]}}],"collection":[{"href":"https:\/\/multimill.ee\/sv\/wp-json\/wp\/v2\/pages"}],"about":[{"href":"https:\/\/multimill.ee\/sv\/wp-json\/wp\/v2\/types\/page"}],"author":[{"embeddable":true,"href":"https:\/\/multimill.ee\/sv\/wp-json\/wp\/v2\/users\/1"}],"replies":[{"embeddable":true,"href":"https:\/\/multimill.ee\/sv\/wp-json\/wp\/v2\/comments?post=651"}],"version-history":[{"count":5,"href":"https:\/\/multimill.ee\/sv\/wp-json\/wp\/v2\/pages\/651\/revisions"}],"predecessor-version":[{"id":2163,"href":"https:\/\/multimill.ee\/sv\/wp-json\/wp\/v2\/pages\/651\/revisions\/2163"}],"wp:attachment":[{"href":"https:\/\/multimill.ee\/sv\/wp-json\/wp\/v2\/media?parent=651"}],"curies":[{"name":"wp","href":"https:\/\/api.w.org\/{rel}","templated":true}]}}